{"id":368,"date":"2025-08-07T18:23:01","date_gmt":"2025-08-07T16:23:01","guid":{"rendered":"https:\/\/marcmas.com\/?page_id=368"},"modified":"2025-12-15T20:27:27","modified_gmt":"2025-12-15T18:27:27","slug":"acerca-de-mi","status":"publish","type":"page","link":"https:\/\/marcmas.com\/es\/acerca-de-mi\/","title":{"rendered":"Acerca de m\u00ed"},"content":{"rendered":"<style>.elementor-368 .elementor-element.elementor-element-376304e{--display:flex;--min-height:50vh;--flex-direction:column;--container-widget-width:calc( ( 1 - var( --container-widget-flex-grow ) ) * 100% );--container-widget-height:initial;--container-widget-flex-grow:0;--container-widget-align-self:initial;--flex-wrap-mobile:wrap;--justify-content:center;--align-items:center;--gap:10px 0px;--row-gap:10px;--column-gap:0px;--overlay-opacity:0.61;--margin-top:0px;--margin-bottom:0px;--margin-left:0px;--margin-right:0px;--padding-top:0px;--padding-bottom:0px;--padding-left:15px;--padding-right:15px;}.elementor-368 .elementor-element.elementor-element-376304e:not(.elementor-motion-effects-element-type-background), .elementor-368 .elementor-element.elementor-element-376304e > .elementor-motion-effects-container > .elementor-motion-effects-layer{background-image:url(\"https:\/\/marcmas.com\/wp-content\/uploads\/2025\/12\/estudio1.jpeg\");background-position:center center;background-repeat:no-repeat;background-size:cover;}.elementor-368 .elementor-element.elementor-element-376304e::before, .elementor-368 .elementor-element.elementor-element-376304e > .elementor-background-video-container::before, .elementor-368 .elementor-element.elementor-element-376304e > .e-con-inner > .elementor-background-video-container::before, .elementor-368 .elementor-element.elementor-element-376304e > .elementor-background-slideshow::before, .elementor-368 .elementor-element.elementor-element-376304e > .e-con-inner > .elementor-background-slideshow::before, .elementor-368 .elementor-element.elementor-element-376304e > .elementor-motion-effects-container > .elementor-motion-effects-layer::before{--background-overlay:'';background-color:var( --e-global-color-f06adda );}.elementor-368 .elementor-element.elementor-element-376304e > .elementor-shape-bottom .elementor-shape-fill, .elementor-368 .elementor-element.elementor-element-376304e > .e-con-inner > .elementor-shape-bottom .elementor-shape-fill{fill:var( --e-global-color-ad41708 );}.elementor-368 .elementor-element.elementor-element-376304e > .elementor-shape-bottom svg, .elementor-368 .elementor-element.elementor-element-376304e > .e-con-inner > .elementor-shape-bottom svg{height:64px;}.elementor-368 .elementor-element.elementor-element-7b64054{text-align:center;}.elementor-368 .elementor-element.elementor-element-7b64054 .elementor-heading-title{font-family:var( --e-global-typography-primary-font-family ), Sans-serif;font-size:var( --e-global-typography-primary-font-size );font-weight:var( --e-global-typography-primary-font-weight );line-height:var( --e-global-typography-primary-line-height );color:var( --e-global-color-21bfb04 );}.elementor-368 .elementor-element.elementor-element-76dd836{--display:flex;--flex-direction:column;--container-widget-width:calc( ( 1 - var( --container-widget-flex-grow ) ) * 100% );--container-widget-height:initial;--container-widget-flex-grow:0;--container-widget-align-self:initial;--flex-wrap-mobile:wrap;--align-items:center;--gap:10px 44px;--row-gap:10px;--column-gap:44px;--padding-top:5em;--padding-bottom:5em;--padding-left:1em;--padding-right:1em;}.elementor-368 .elementor-element.elementor-element-986cbb6{--display:flex;--flex-direction:row;--container-widget-width:initial;--container-widget-height:100%;--container-widget-flex-grow:1;--container-widget-align-self:stretch;--flex-wrap-mobile:wrap;--gap:97px 97px;--row-gap:97px;--column-gap:97px;}.elementor-368 .elementor-element.elementor-element-d84169f{--spacer-size:600px;width:var( --container-widget-width, 48% );max-width:48%;--container-widget-width:48%;--container-widget-flex-grow:0;background-image:url(\"https:\/\/marcmas.com\/wp-content\/uploads\/2025\/12\/About-me-OK.jpg\");background-position:-157px 5px;background-repeat:no-repeat;background-size:cover;}.elementor-368 .elementor-element.elementor-element-1a8dad2{columns:1;text-align:start;font-family:var( --e-global-typography-accent-font-family ), Sans-serif;font-size:var( --e-global-typography-accent-font-size );font-weight:var( --e-global-typography-accent-font-weight );line-height:var( --e-global-typography-accent-line-height );color:var( --e-global-color-e5e9561 );width:var( --container-widget-width, 94% );max-width:94%;--container-widget-width:94%;--container-widget-flex-grow:0;}body.elementor-page-368:not(.elementor-motion-effects-element-type-background), body.elementor-page-368 > .elementor-motion-effects-container > .elementor-motion-effects-layer{background-color:var( --e-global-color-ad41708 );}@media(max-width:1366px){.elementor-368 .elementor-element.elementor-element-7b64054 .elementor-heading-title{font-size:var( --e-global-typography-primary-font-size );line-height:var( --e-global-typography-primary-line-height );}.elementor-368 .elementor-element.elementor-element-986cbb6{--flex-direction:column;--container-widget-width:calc( ( 1 - var( --container-widget-flex-grow ) ) * 100% );--container-widget-height:initial;--container-widget-flex-grow:0;--container-widget-align-self:initial;--flex-wrap-mobile:wrap;--align-items:center;}.elementor-368 .elementor-element.elementor-element-d84169f{--spacer-size:401px;background-position:-86px -11px;}.elementor-368 .elementor-element.elementor-element-1a8dad2{font-size:var( --e-global-typography-accent-font-size );line-height:var( --e-global-typography-accent-line-height );--container-widget-width:100%;--container-widget-flex-grow:0;width:var( --container-widget-width, 100% );max-width:100%;}}@media(max-width:1024px){.elementor-368 .elementor-element.elementor-element-376304e{--min-height:350px;--margin-top:0px;--margin-bottom:0px;--margin-left:0px;--margin-right:0px;--padding-top:0px;--padding-bottom:0px;--padding-left:15px;--padding-right:15px;}.elementor-368 .elementor-element.elementor-element-7b64054 .elementor-heading-title{font-size:var( --e-global-typography-primary-font-size );line-height:var( --e-global-typography-primary-line-height );}.elementor-368 .elementor-element.elementor-element-76dd836{--padding-top:3em;--padding-bottom:4em;--padding-left:1em;--padding-right:1em;}.elementor-368 .elementor-element.elementor-element-986cbb6{--flex-direction:column;--container-widget-width:calc( ( 1 - var( --container-widget-flex-grow ) ) * 100% );--container-widget-height:initial;--container-widget-flex-grow:0;--container-widget-align-self:initial;--flex-wrap-mobile:wrap;--align-items:center;}.elementor-368 .elementor-element.elementor-element-d84169f{--container-widget-width:94%;--container-widget-flex-grow:0;width:var( --container-widget-width, 94% );max-width:94%;background-position:-42px 0px;}.elementor-368 .elementor-element.elementor-element-1a8dad2{font-size:var( --e-global-typography-accent-font-size );line-height:var( --e-global-typography-accent-line-height );}}@media(max-width:767px){.elementor-368 .elementor-element.elementor-element-376304e{--min-height:300px;--margin-top:0px;--margin-bottom:0px;--margin-left:0px;--margin-right:0px;--padding-top:0px;--padding-bottom:0px;--padding-left:15px;--padding-right:15px;}.elementor-368 .elementor-element.elementor-element-376304e > .elementor-shape-bottom svg, .elementor-368 .elementor-element.elementor-element-376304e > .e-con-inner > .elementor-shape-bottom svg{width:calc(189% + 1.3px);height:40px;}.elementor-368 .elementor-element.elementor-element-7b64054 .elementor-heading-title{font-size:var( --e-global-typography-primary-font-size );line-height:var( --e-global-typography-primary-line-height );}.elementor-368 .elementor-element.elementor-element-986cbb6{--flex-direction:column;--container-widget-width:calc( ( 1 - var( --container-widget-flex-grow ) ) * 100% );--container-widget-height:initial;--container-widget-flex-grow:0;--container-widget-align-self:initial;--flex-wrap-mobile:wrap;--align-items:center;--gap:46px 46px;--row-gap:46px;--column-gap:46px;}.elementor-368 .elementor-element.elementor-element-d84169f{--spacer-size:258px;--container-widget-width:100%;--container-widget-flex-grow:0;width:var( --container-widget-width, 100% );max-width:100%;background-image:url(\"https:\/\/marcmas.com\/wp-content\/uploads\/2025\/12\/About-me-OK.jpg\");background-position:-91px 0px;}.elementor-368 .elementor-element.elementor-element-1a8dad2{columns:1;font-size:var( --e-global-typography-accent-font-size );line-height:var( --e-global-typography-accent-line-height );--container-widget-width:100%;--container-widget-flex-grow:0;width:var( --container-widget-width, 100% );max-width:100%;}}<\/style>\t\t<div data-elementor-type=\"wp-page\" data-elementor-id=\"368\" class=\"elementor elementor-368\" data-elementor-post-type=\"page\">\n\t\t\t\t<div class=\"elementor-element elementor-element-376304e e-flex e-con-boxed e-con e-parent\" data-id=\"376304e\" data-element_type=\"container\" data-e-type=\"container\" data-settings=\"{&quot;background_background&quot;:&quot;classic&quot;,&quot;shape_divider_bottom&quot;:&quot;pyramids&quot;,&quot;jet_parallax_layout_list&quot;:[]}\">\n\t\t\t\t\t<div class=\"e-con-inner\">\n\t\t\t\t<div class=\"elementor-shape elementor-shape-bottom\" aria-hidden=\"true\" data-negative=\"false\">\n\t\t\t<svg xmlns=\"http:\/\/www.w3.org\/2000\/svg\" viewBox=\"0 0 1000 100\" preserveAspectRatio=\"none\">\n\t<path class=\"elementor-shape-fill\" d=\"M761.9,44.1L643.1,27.2L333.8,98L0,3.8V0l1000,0v3.9\"\/>\n<\/svg>\t\t<\/div>\n\t\t\t\t<div class=\"elementor-element elementor-element-7b64054 elementor-widget elementor-widget-heading\" data-id=\"7b64054\" data-element_type=\"widget\" data-e-type=\"widget\" data-widget_type=\"heading.default\">\n\t\t\t\t\t<h4 class=\"elementor-heading-title elementor-size-default\">Acerca de m\u00ed<\/h4>\t\t\t\t<\/div>\n\t\t\t\t\t<\/div>\n\t\t\t\t<\/div>\n\t\t<div class=\"elementor-element elementor-element-76dd836 e-flex e-con-boxed e-con e-parent\" data-id=\"76dd836\" data-element_type=\"container\" data-e-type=\"container\" data-settings=\"{&quot;background_background&quot;:&quot;gradient&quot;,&quot;jet_parallax_layout_list&quot;:[]}\">\n\t\t\t\t\t<div class=\"e-con-inner\">\n\t\t<div class=\"elementor-element elementor-element-986cbb6 e-con-full e-flex e-con e-child\" data-id=\"986cbb6\" data-element_type=\"container\" data-e-type=\"container\" data-settings=\"{&quot;jet_parallax_layout_list&quot;:[]}\">\n\t\t\t\t<div class=\"elementor-element elementor-element-d84169f elementor-widget__width-initial elementor-widget elementor-widget-spacer\" data-id=\"d84169f\" data-element_type=\"widget\" data-e-type=\"widget\" data-widget_type=\"spacer.default\">\n\t\t\t\t\t\t\t<div class=\"elementor-spacer\">\n\t\t\t<div class=\"elementor-spacer-inner\"><\/div>\n\t\t<\/div>\n\t\t\t\t\t\t<\/div>\n\t\t\t\t<div class=\"elementor-element elementor-element-1a8dad2 elementor-widget__width-initial elementor-widget elementor-widget-text-editor\" data-id=\"1a8dad2\" data-element_type=\"widget\" data-e-type=\"widget\" data-widget_type=\"text-editor.default\">\n\t\t\t\t\t\t\t\t\t<p>Me encanta la m\u00fasica. Es mi pasi\u00f3n y siempre trabajo con el m\u00e1ximo rigor, creatividad y dedicaci\u00f3n. Soy licenciado en piano jazz por la ESMUC y he ampliado mi formaci\u00f3n en composici\u00f3n para medios audiovisuales (filmscoring) y orquestaci\u00f3n.<\/p><p>Soy un m\u00fasico polifac\u00e9tico; me siento a gusto componiendo todo tipo de g\u00e9neros, actuando en directo, orquestando, haciendo arreglos o produciendo m\u00fasica para otros artistas.<br \/>He trabajado como pianista y director musical con artistas como Gertrudis, D\u00e0maris Gelabert y Los Manolos, entre muchos otros. Esto me ha llevado a actuar en escenarios de todo el mundo.<\/p><p>Actualmente, estoy m\u00e1s centrado en la composici\u00f3n para cine y formatos audiovisuales, as\u00ed como en trabajos de producci\u00f3n musical desde mi propio estudio.\u00a0<span style=\"font-style: inherit; font-weight: inherit; letter-spacing: -0.3px;\">Me gusta construir cada proyecto desde la cercan\u00eda, entendiendo lo que se quiere transmitir y cuidando cada detalle. Trabajo con honestidad y pasi\u00f3n, convencido de que la m\u00fasica solo tiene sentido cuando conecta de verdad con quien la escucha.<\/span><\/p>\t\t\t\t\t\t\t\t<\/div>\n\t\t\t\t<\/div>\n\t\t\t\t\t<\/div>\n\t\t\t\t<\/div>\n\t\t\t\t<\/div>\n\t\t","protected":false},"excerpt":{"rendered":"<p>Me encanta la m\u00fasica. Es mi pasi\u00f3n y siempre trabajo con el m\u00e1ximo rigor, creatividad y dedicaci\u00f3n. Soy licenciado en [&hellip;]<\/p>\n","protected":false},"author":1,"featured_media":0,"parent":0,"menu_order":0,"comment_status":"closed","ping_status":"closed","template":"elementor_header_footer","meta":{"site-sidebar-layout":"no-sidebar","site-content-layout":"","ast-site-content-layout":"full-width-container","site-content-style":"default","site-sidebar-style":"default","ast-global-header-display":"","ast-banner-title-visibility":"","ast-main-header-display":"","ast-hfb-above-header-display":"","ast-hfb-below-header-display":"","ast-hfb-mobile-header-display":"","site-post-title":"disabled","ast-breadcrumbs-content":"","ast-featured-img":"disabled","footer-sml-layout":"","ast-disable-related-posts":"","theme-transparent-header-meta":"","adv-header-id-meta":"","stick-header-meta":"","header-above-stick-meta":"","header-main-stick-meta":"","header-below-stick-meta":"","astra-migrate-meta-layouts":"default","ast-page-background-enabled":"default","ast-page-background-meta":{"desktop":{"background-color":"var(--ast-global-color-5)","background-image":"","background-repeat":"repeat","background-position":"center center","background-size":"auto","background-attachment":"scroll","background-type":"","background-media":"","overlay-type":"","overlay-color":"","overlay-opacity":"","overlay-gradient":""},"tablet":{"background-color":"","background-image":"","background-repeat":"repeat","background-position":"center center","background-size":"auto","background-attachment":"scroll","background-type":"","background-media":"","overlay-type":"","overlay-color":"","overlay-opacity":"","overlay-gradient":""},"mobile":{"background-color":"","background-image":"","background-repeat":"repeat","background-position":"center center","background-size":"auto","background-attachment":"scroll","background-type":"","background-media":"","overlay-type":"","overlay-color":"","overlay-opacity":"","overlay-gradient":""}},"ast-content-background-meta":{"desktop":{"background-color":"var(--ast-global-color-4)","background-image":"","background-repeat":"repeat","background-position":"center center","background-size":"auto","background-attachment":"scroll","background-type":"","background-media":"","overlay-type":"","overlay-color":"","overlay-opacity":"","overlay-gradient":""},"tablet":{"background-color":"var(--ast-global-color-4)","background-image":"","background-repeat":"repeat","background-position":"center center","background-size":"auto","background-attachment":"scroll","background-type":"","background-media":"","overlay-type":"","overlay-color":"","overlay-opacity":"","overlay-gradient":""},"mobile":{"background-color":"var(--ast-global-color-4)","background-image":"","background-repeat":"repeat","background-position":"center center","background-size":"auto","background-attachment":"scroll","background-type":"","background-media":"","overlay-type":"","overlay-color":"","overlay-opacity":"","overlay-gradient":""}},"footnotes":""},"class_list":["post-368","page","type-page","status-publish","hentry"],"_links":{"self":[{"href":"https:\/\/marcmas.com\/es\/wp-json\/wp\/v2\/pages\/368","targetHints":{"allow":["GET"]}}],"collection":[{"href":"https:\/\/marcmas.com\/es\/wp-json\/wp\/v2\/pages"}],"about":[{"href":"https:\/\/marcmas.com\/es\/wp-json\/wp\/v2\/types\/page"}],"author":[{"embeddable":true,"href":"https:\/\/marcmas.com\/es\/wp-json\/wp\/v2\/users\/1"}],"replies":[{"embeddable":true,"href":"https:\/\/marcmas.com\/es\/wp-json\/wp\/v2\/comments?post=368"}],"version-history":[{"count":112,"href":"https:\/\/marcmas.com\/es\/wp-json\/wp\/v2\/pages\/368\/revisions"}],"predecessor-version":[{"id":1525,"href":"https:\/\/marcmas.com\/es\/wp-json\/wp\/v2\/pages\/368\/revisions\/1525"}],"wp:attachment":[{"href":"https:\/\/marcmas.com\/es\/wp-json\/wp\/v2\/media?parent=368"}],"curies":[{"name":"wp","href":"https:\/\/api.w.org\/{rel}","templated":true}]}}