{"id":77,"date":"2023-07-09T22:53:58","date_gmt":"2023-07-09T22:53:58","guid":{"rendered":"https:\/\/marcmas.com\/?page_id=77"},"modified":"2025-12-10T04:40:17","modified_gmt":"2025-12-10T02:40:17","slug":"aviso-legal","status":"publish","type":"page","link":"https:\/\/marcmas.com\/es\/aviso-legal\/","title":{"rendered":"Aviso Legal"},"content":{"rendered":"<style>.elementor-77 .elementor-element.elementor-element-cb40cf6{--display:flex;--min-height:414px;--flex-direction:column;--container-widget-width:calc( ( 1 - var( --container-widget-flex-grow ) ) * 100% );--container-widget-height:initial;--container-widget-flex-grow:0;--container-widget-align-self:initial;--flex-wrap-mobile:wrap;--justify-content:flex-end;--align-items:center;--overlay-opacity:0.87;--padding-top:110px;--padding-bottom:110px;--padding-left:110px;--padding-right:110px;}.elementor-77 .elementor-element.elementor-element-cb40cf6:not(.elementor-motion-effects-element-type-background), .elementor-77 .elementor-element.elementor-element-cb40cf6 > .elementor-motion-effects-container > .elementor-motion-effects-layer{background-image:url(\"https:\/\/marcmas.com\/wp-content\/uploads\/2025\/08\/producer-listening-to-audio-track-in-studio-PY297D6.jpeg\");background-position:center center;background-repeat:no-repeat;background-size:cover;}.elementor-77 .elementor-element.elementor-element-cb40cf6::before, .elementor-77 .elementor-element.elementor-element-cb40cf6 > .elementor-background-video-container::before, .elementor-77 .elementor-element.elementor-element-cb40cf6 > .e-con-inner > .elementor-background-video-container::before, .elementor-77 .elementor-element.elementor-element-cb40cf6 > .elementor-background-slideshow::before, .elementor-77 .elementor-element.elementor-element-cb40cf6 > .e-con-inner > .elementor-background-slideshow::before, .elementor-77 .elementor-element.elementor-element-cb40cf6 > .elementor-motion-effects-container > .elementor-motion-effects-layer::before{--background-overlay:'';background-color:var( --e-global-color-primary );}.elementor-77 .elementor-element.elementor-element-bb4d104{--display:flex;--flex-direction:column;--container-widget-width:calc( ( 1 - var( --container-widget-flex-grow ) ) * 100% );--container-widget-height:initial;--container-widget-flex-grow:0;--container-widget-align-self:initial;--flex-wrap-mobile:wrap;--align-items:stretch;--gap:10px 10px;--row-gap:10px;--column-gap:10px;--padding-top:99px;--padding-bottom:65px;--padding-left:0px;--padding-right:0px;}.elementor-77 .elementor-element.elementor-element-fd29044{padding:57px 57px 57px 57px;border-style:solid;border-width:1px 1px 1px 1px;border-color:var( --e-global-color-secondary );border-radius:11px 11px 11px 11px;}@media(max-width:1024px){.elementor-77 .elementor-element.elementor-element-cb40cf6{--min-height:325px;}.elementor-77 .elementor-element.elementor-element-bb4d104{--padding-top:75px;--padding-bottom:56px;--padding-left:29px;--padding-right:29px;}}@media(max-width:767px){.elementor-77 .elementor-element.elementor-element-cb40cf6{--min-height:198px;--padding-top:44px;--padding-bottom:44px;--padding-left:44px;--padding-right:44px;}.elementor-77 .elementor-element.elementor-element-bb4d104{--padding-top:67px;--padding-bottom:72px;--padding-left:21px;--padding-right:21px;}.elementor-77 .elementor-element.elementor-element-fd29044{padding:39px 17px 31px 17px;}}<\/style>\t\t<div data-elementor-type=\"wp-page\" data-elementor-id=\"77\" class=\"elementor elementor-77\" data-elementor-post-type=\"page\">\n\t\t\t\t<div class=\"elementor-element elementor-element-cb40cf6 e-flex e-con-boxed e-con e-parent\" data-id=\"cb40cf6\" data-element_type=\"container\" data-e-type=\"container\" data-settings=\"{&quot;background_background&quot;:&quot;classic&quot;,&quot;jet_parallax_layout_list&quot;:[]}\">\n\t\t\t\t\t<div class=\"e-con-inner\">\n\t\t\t\t<div class=\"elementor-element elementor-element-528087a elementor-widget elementor-widget-heading\" data-id=\"528087a\" data-element_type=\"widget\" data-e-type=\"widget\" data-widget_type=\"heading.default\">\n\t\t\t\t\t<h2 class=\"elementor-heading-title elementor-size-default\">Aviso Legal<\/h2>\t\t\t\t<\/div>\n\t\t\t\t\t<\/div>\n\t\t\t\t<\/div>\n\t\t<div class=\"elementor-element elementor-element-bb4d104 e-flex e-con-boxed e-con e-parent\" data-id=\"bb4d104\" data-element_type=\"container\" data-e-type=\"container\" data-settings=\"{&quot;jet_parallax_layout_list&quot;:[]}\">\n\t\t\t\t\t<div class=\"e-con-inner\">\n\t\t\t\t<div class=\"elementor-element elementor-element-fd29044 elementor-widget elementor-widget-text-editor\" data-id=\"fd29044\" data-element_type=\"widget\" data-e-type=\"widget\" data-widget_type=\"text-editor.default\">\n\t\t\t\t\t\t\t\t\t<p><strong>1.- Titularidad<\/strong><br \/>Este lugar es propiedad y est\u00e1 operado por &#8212;&#8212;&#8212;&#8212;&#8212;&#8212;-, con domicilio en c\/ &#8212;&#8212;&#8212;&#8212;&#8212;&#8212;-.<br \/>NIF: &#8212;&#8212;&#8212;&#8212;-<br \/>Correo electr\u00f3nico: &#8212;&#8212;&#8212;&#8212;-<br \/>El uso de esta web le da la condici\u00f3n de \u201cUsuario\u201d. Esto significa que acepta los t\u00e9rminos y condiciones establecidos a continuaci\u00f3n y con esto se compromete a no usarlo para hasta ilegales.<\/p><p><strong>2.- Edad<\/strong><br \/>En cuanto al uso del Servicio, y salvo que se indique el contrario, el usuario declara que es mayor de edad y que dispone de la capacidad legal necesaria para vincularse y usar el Servicio en conformidad con sus t\u00e9rminos y condiciones, que compran y reconoce \u00edntegramente.<br \/>Declara que toda la informaci\u00f3n que proporciona para acceder al Servicio, antes y durante su utilizaci\u00f3n, es verdadera, completa y precisa.<\/p><p><strong>3.- Enlaces externos<\/strong><br \/>Le informamos que la web del Servicio puede enviarle a otros sitios web de terceros. Sin embargo, el Servicio no controla estos lugares ni su contenido, est\u00e1n sujetos a sus propios t\u00e9rminos y condiciones. Por lo tanto, el Servicio no es responsable sobre la calidad, veracidad o exactitud de estas webs.<\/p><p><strong>4.- Propiedad Intelectual<\/strong><br \/>El dise\u00f1o de la web del Servicio y su contenido, marcas y logos son titularidad o est\u00e1n licenciados al titular de la web, estando sujetas a los derechos de propiedad intelectual reconocidos por la ley.<br \/>El usuario acepta a no usar, copiar o distribuir ning\u00fan contenido de la web m\u00e1s all\u00e1 de la expresamente indicado aqu\u00ed. Cualquier uso comercial del contenido de la web, requerir\u00e1 la expr\u00e9s autorizaci\u00f3n del titular de la web.<\/p><p><strong>5.- Contenido de Usuario<\/strong><br \/>El usuario puede contribuir al Servicio realizando diferentes acciones, ya sea, enviando correos electr\u00f3nicos, haciendo comentarios o enviando sugerencias (de ahora en adelante \u201cContenido\u201d).<br \/>Este Contenido se puede utilizar de diferentes maneras, por ejemplo mostrarlo en el sitio web, reformatearlo, traducirlo a otros idiomas, editarlo para aportar claridad, crear obras derivadas a partir de \u00e9l, promocionarlo y distribuirlo.<br \/>Por lo tanto, el Contenido contin\u00faa siendo de la propiedad del usuario, pero al enviarlo se concede al titular del web, una licencia de uso mundial, no exclusiva, gratuita, hasta la retirada del contenido, transferible y sublicenciable sobre este Contenido.<\/p><p><strong>6.- Responsabilidad<\/strong><br \/>El titular de la web no ser\u00e1 responsable por:<\/p><p>a) cualquier error u omisi\u00f3n en el contenido de la web;<\/p><p>b) la no disponibilidad de la web o;<\/p><p>c) la transmisi\u00f3n de malware o virus a trav\u00e9s del contenido de la web, a pesar de tomar todas las medidas tecnol\u00f3gicas necesarias para prevenirlo.<\/p><p><strong>7.- Cambios<\/strong><br \/>El titular de la web se reserva el derecho de hacer los cambios no anunciados que considere oportunos para la web. Esto significa que el titular de la web puede cambiar, eliminar o a\u00f1adir contenido y servicios proporcionados a trav\u00e9s de la web.<br \/>Adem\u00e1s, estos t\u00e9rminos y condiciones pueden ser actualizados. Las modificaciones entrar\u00e1n en vigor desde su publicaci\u00f3n.<\/p><p><strong>8.- Ley y arbitraje<\/strong><br \/>Este Servicio se rige por la legislaci\u00f3n espa\u00f1ola.<br \/>Con el fin de simplificar la resoluci\u00f3n de reclamaciones por la v\u00eda civil y reducir costes, no excluimos la posibilidad de someternos ante un Arbitraje de Equidad de la Corte de Arbitraje de las C\u00e1maras de Comercio e industria.<br \/>En este sentido, y seg\u00fan la normativa aplicable, el Servicio informa de la existencia de una plataforma europea de resoluci\u00f3n de litigios en l\u00ednea que facilita la resoluci\u00f3n extrajudicial de estos litigios para contratos celebrados igualmente en l\u00ednea entre consumidores y prestamistas de servicios de Internet. A esta plataforma se podr\u00e1 acceder a trav\u00e9s de la siguiente p\u00e1gina web: <a href=\"http:\/\/ec.europa.eu\/odr\">http:\/\/ec.europa.eu\/odr<\/a><\/p><p><strong>9.- Contacto<\/strong><br \/>Para cualquier aclaraci\u00f3n, incidencia o reclamaci\u00f3n, los datos de contacto son:<br \/>E-mail: &#8212;&#8212;&#8212;&#8212;-<br \/>Direcci\u00f3n postal: &#8212;&#8212;&#8212;&#8212;-<\/p>\t\t\t\t\t\t\t\t<\/div>\n\t\t\t\t\t<\/div>\n\t\t\t\t<\/div>\n\t\t\t\t<\/div>\n\t\t","protected":false},"excerpt":{"rendered":"<p>1.- TitularidadEste lugar es propiedad y est\u00e1 operado por &#8212;&#8212;&#8212;&#8212;&#8212;&#8212;-, con domicilio en c\/ &#8212;&#8212;&#8212;&#8212;&#8212;&#8212;-.NIF: &#8212;&#8212;&#8212;&#8212;-Correo electr\u00f3nico: &#8212;&#8212;&#8212;&#8212;-El uso de [&hellip;]<\/p>\n","protected":false},"author":1,"featured_media":0,"parent":0,"menu_order":0,"comment_status":"closed","ping_status":"closed","template":"elementor_header_footer","meta":{"site-sidebar-layout":"default","site-content-layout":"","ast-site-content-layout":"default","site-content-style":"default","site-sidebar-style":"default","ast-global-header-display":"","ast-banner-title-visibility":"","ast-main-header-display":"","ast-hfb-above-header-display":"","ast-hfb-below-header-display":"","ast-hfb-mobile-header-display":"","site-post-title":"","ast-breadcrumbs-content":"","ast-featured-img":"","footer-sml-layout":"","ast-disable-related-posts":"","theme-transparent-header-meta":"","adv-header-id-meta":"","stick-header-meta":"","header-above-stick-meta":"","header-main-stick-meta":"","header-below-stick-meta":"","astra-migrate-meta-layouts":"default","ast-page-background-enabled":"default","ast-page-background-meta":{"desktop":{"background-color":"var(--ast-global-color-5)","background-image":"","background-repeat":"repeat","background-position":"center center","background-size":"auto","background-attachment":"scroll","background-type":"","background-media":"","overlay-type":"","overlay-color":"","overlay-opacity":"","overlay-gradient":""},"tablet":{"background-color":"","background-image":"","background-repeat":"repeat","background-position":"center center","background-size":"auto","background-attachment":"scroll","background-type":"","background-media":"","overlay-type":"","overlay-color":"","overlay-opacity":"","overlay-gradient":""},"mobile":{"background-color":"","background-image":"","background-repeat":"repeat","background-position":"center center","background-size":"auto","background-attachment":"scroll","background-type":"","background-media":"","overlay-type":"","overlay-color":"","overlay-opacity":"","overlay-gradient":""}},"ast-content-background-meta":{"desktop":{"background-color":"var(--ast-global-color-4)","background-image":"","background-repeat":"repeat","background-position":"center center","background-size":"auto","background-attachment":"scroll","background-type":"","background-media":"","overlay-type":"","overlay-color":"","overlay-opacity":"","overlay-gradient":""},"tablet":{"background-color":"var(--ast-global-color-4)","background-image":"","background-repeat":"repeat","background-position":"center center","background-size":"auto","background-attachment":"scroll","background-type":"","background-media":"","overlay-type":"","overlay-color":"","overlay-opacity":"","overlay-gradient":""},"mobile":{"background-color":"var(--ast-global-color-4)","background-image":"","background-repeat":"repeat","background-position":"center center","background-size":"auto","background-attachment":"scroll","background-type":"","background-media":"","overlay-type":"","overlay-color":"","overlay-opacity":"","overlay-gradient":""}},"footnotes":""},"class_list":["post-77","page","type-page","status-publish","hentry"],"_links":{"self":[{"href":"https:\/\/marcmas.com\/es\/wp-json\/wp\/v2\/pages\/77","targetHints":{"allow":["GET"]}}],"collection":[{"href":"https:\/\/marcmas.com\/es\/wp-json\/wp\/v2\/pages"}],"about":[{"href":"https:\/\/marcmas.com\/es\/wp-json\/wp\/v2\/types\/page"}],"author":[{"embeddable":true,"href":"https:\/\/marcmas.com\/es\/wp-json\/wp\/v2\/users\/1"}],"replies":[{"embeddable":true,"href":"https:\/\/marcmas.com\/es\/wp-json\/wp\/v2\/comments?post=77"}],"version-history":[{"count":10,"href":"https:\/\/marcmas.com\/es\/wp-json\/wp\/v2\/pages\/77\/revisions"}],"predecessor-version":[{"id":722,"href":"https:\/\/marcmas.com\/es\/wp-json\/wp\/v2\/pages\/77\/revisions\/722"}],"wp:attachment":[{"href":"https:\/\/marcmas.com\/es\/wp-json\/wp\/v2\/media?parent=77"}],"curies":[{"name":"wp","href":"https:\/\/api.w.org\/{rel}","templated":true}]}}